{"id":1825,"date":"2025-02-20T11:43:01","date_gmt":"2025-02-20T11:43:01","guid":{"rendered":"https:\/\/eventify.alithemes.com\/?page_id=1825"},"modified":"2025-09-01T19:02:49","modified_gmt":"2025-09-01T19:02:49","slug":"about-event","status":"publish","type":"page","link":"https:\/\/polku.es\/fi\/about-event\/","title":{"rendered":"About Event"},"content":{"rendered":"<div data-elementor-type=\"wp-page\" data-elementor-id=\"1825\" class=\"elementor elementor-1825\">\n\t\t\t\t<div class=\"elementor-element elementor-element-5c04130 e-flex e-con-boxed e-con e-parent\" data-id=\"5c04130\" data-element_type=\"container\">\n\t\t\t\t\t<div class=\"e-con-inner\">\n\t\t<div class=\"elementor-element elementor-element-8cfbb72 e-con-full e-flex e-con e-child\" data-id=\"8cfbb72\" data-element_type=\"container\">\n\t\t\t\t<div class=\"elementor-element elementor-element-411bcd2 elementor-widget elementor-widget-ali-img\" data-id=\"411bcd2\" data-element_type=\"widget\" data-widget_type=\"ali-img.default\">\n\t\t\t\t<div class=\"elementor-widget-container\">\n\t\t\t\t\t\r\n        \r\n            <div class=\"img1 eventify-reveal image-anime\">\r\n                <img fetchpriority=\"high\" decoding=\"async\" width=\"2560\" height=\"2048\" src=\"https:\/\/polku.es\/wp-content\/uploads\/2025\/09\/about-big-scaled.jpg\" class=\"attachment-full size-full\" alt=\"\" srcset=\"https:\/\/polku.es\/wp-content\/uploads\/2025\/09\/about-big-scaled.jpg 2560w, https:\/\/polku.es\/wp-content\/uploads\/2025\/09\/about-big-300x240.jpg 300w, https:\/\/polku.es\/wp-content\/uploads\/2025\/09\/about-big-1024x819.jpg 1024w, https:\/\/polku.es\/wp-content\/uploads\/2025\/09\/about-big-768x614.jpg 768w, https:\/\/polku.es\/wp-content\/uploads\/2025\/09\/about-big-1536x1229.jpg 1536w, https:\/\/polku.es\/wp-content\/uploads\/2025\/09\/about-big-2048x1638.jpg 2048w, https:\/\/polku.es\/wp-content\/uploads\/2025\/09\/about-big-15x12.jpg 15w\" sizes=\"(max-width: 2560px) 100vw, 2560px\" \/>            <\/div>\r\n\r\n        \r\n\t\t\t\t<\/div>\n\t\t\t\t<\/div>\n\t\t\t\t<div class=\"elementor-element elementor-element-25c783d elementor-absolute e-transform elementor-widget elementor-widget-ali-shape-btn\" data-id=\"25c783d\" data-element_type=\"widget\" data-settings=\"{&quot;_position&quot;:&quot;absolute&quot;,&quot;_transform_translateX_effect&quot;:{&quot;unit&quot;:&quot;%&quot;,&quot;size&quot;:-50,&quot;sizes&quot;:[]},&quot;_transform_translateX_effect_tablet&quot;:{&quot;unit&quot;:&quot;%&quot;,&quot;size&quot;:&quot;&quot;,&quot;sizes&quot;:[]},&quot;_transform_translateX_effect_mobile&quot;:{&quot;unit&quot;:&quot;%&quot;,&quot;size&quot;:&quot;&quot;,&quot;sizes&quot;:[]},&quot;_transform_translateY_effect&quot;:{&quot;unit&quot;:&quot;%&quot;,&quot;size&quot;:-50,&quot;sizes&quot;:[]},&quot;_transform_translateY_effect_tablet&quot;:{&quot;unit&quot;:&quot;%&quot;,&quot;size&quot;:&quot;&quot;,&quot;sizes&quot;:[]},&quot;_transform_translateY_effect_mobile&quot;:{&quot;unit&quot;:&quot;%&quot;,&quot;size&quot;:&quot;&quot;,&quot;sizes&quot;:[]}}\" data-widget_type=\"ali-shape-btn.default\">\n\t\t\t\t<div class=\"elementor-widget-container\">\n\t\t\t\t\t\r\n        <div class=\"tg-square-btn\">\r\n            <svg xmlns=\"http:\/\/www.w3.org\/2000\/svg\" width=\"200\" height=\"200\" viewbox=\"0 0 200 200\" fill=\"none\" class=\"keyframe5\">\r\n                <path d=\"M93.8771 2.53621C96.8982 1.28483 98.4087 0.659138 100 0.659138C101.591 0.659138 103.102 1.28483 106.123 2.5362L164.588 26.7531C167.609 28.0045 169.119 28.6302 170.245 29.7554C171.37 30.8806 171.995 32.3912 173.247 35.4123L197.464 93.8771C198.715 96.8982 199.341 98.4087 199.341 100C199.341 101.591 198.715 103.102 197.464 106.123L173.247 164.588C171.995 167.609 171.37 169.119 170.245 170.245C169.119 171.37 167.609 171.995 164.588 173.247L106.123 197.464C103.102 198.715 101.591 199.341 100 199.341C98.4087 199.341 96.8982 198.715 93.8771 197.464L35.4123 173.247C32.3912 171.995 30.8806 171.37 29.7554 170.245C28.6302 169.119 28.0045 167.609 26.7531 164.588L2.53621 106.123C1.28483 103.102 0.659138 101.591 0.659138 100C0.659138 98.4087 1.28483 96.8982 2.5362 93.8771L26.7531 35.4123C28.0045 32.3912 28.6302 30.8806 29.7554 29.7554C30.8806 28.6302 32.3912 28.0045 35.4123 26.7531L93.8771 2.53621Z\" fill=\"#FFBA00\" \/>\r\n            <\/svg>\r\n            <a href=\"https:\/\/docs.google.com\/forms\/d\/e\/1FAIpQLSd2VZwjglH9GLcH9hVjVjbD5FhbkXI317qUJRWt7wYWxjpnmA\/viewform?usp=dialog\" target=\"_blank\" rel=\"nofollow\" class=\"tg-btn square-btn\">\r\n                <span><i class=\"fa-solid fa-arrow-right\"><\/i><\/span>\r\n                Varaa paikkasi            <\/a>\r\n        <\/div>\r\n\r\n\t\t\t\t<\/div>\n\t\t\t\t<\/div>\n\t\t<div class=\"elementor-element elementor-element-ba1db7b e-grid e-con-full e-con e-child\" data-id=\"ba1db7b\" data-element_type=\"container\" id=\"about-imgs\">\n\t\t\t\t<div class=\"elementor-element elementor-element-f067f2d elementor-widget elementor-widget-ali-img\" data-id=\"f067f2d\" data-element_type=\"widget\" id=\"about-left\" data-widget_type=\"ali-img.default\">\n\t\t\t\t<div class=\"elementor-widget-container\">\n\t\t\t\t\t\r\n        \r\n            <div class=\"img1 eventify-reveal image-anime\">\r\n                <img decoding=\"async\" width=\"2560\" height=\"2048\" src=\"https:\/\/polku.es\/wp-content\/uploads\/2025\/09\/about-right-scaled.png\" class=\"attachment-full size-full\" alt=\"\" srcset=\"https:\/\/polku.es\/wp-content\/uploads\/2025\/09\/about-right-scaled.png 2560w, https:\/\/polku.es\/wp-content\/uploads\/2025\/09\/about-right-300x240.png 300w, https:\/\/polku.es\/wp-content\/uploads\/2025\/09\/about-right-1024x819.png 1024w, https:\/\/polku.es\/wp-content\/uploads\/2025\/09\/about-right-768x614.png 768w, https:\/\/polku.es\/wp-content\/uploads\/2025\/09\/about-right-1536x1229.png 1536w, https:\/\/polku.es\/wp-content\/uploads\/2025\/09\/about-right-2048x1638.png 2048w, https:\/\/polku.es\/wp-content\/uploads\/2025\/09\/about-right-15x12.png 15w\" sizes=\"(max-width: 2560px) 100vw, 2560px\" \/>            <\/div>\r\n\r\n        \r\n\t\t\t\t<\/div>\n\t\t\t\t<\/div>\n\t\t\t\t<div class=\"elementor-element elementor-element-006f449 elementor-widget elementor-widget-ali-img\" data-id=\"006f449\" data-element_type=\"widget\" data-widget_type=\"ali-img.default\">\n\t\t\t\t<div class=\"elementor-widget-container\">\n\t\t\t\t\t\r\n        \r\n            <div class=\"img1 eventify-reveal image-anime\">\r\n                <img decoding=\"async\" width=\"2560\" height=\"2048\" src=\"https:\/\/polku.es\/wp-content\/uploads\/2025\/09\/about-left-scaled.jpg\" class=\"attachment-full size-full\" alt=\"\" srcset=\"https:\/\/polku.es\/wp-content\/uploads\/2025\/09\/about-left-scaled.jpg 2560w, https:\/\/polku.es\/wp-content\/uploads\/2025\/09\/about-left-300x240.jpg 300w, https:\/\/polku.es\/wp-content\/uploads\/2025\/09\/about-left-1024x819.jpg 1024w, https:\/\/polku.es\/wp-content\/uploads\/2025\/09\/about-left-768x614.jpg 768w, https:\/\/polku.es\/wp-content\/uploads\/2025\/09\/about-left-1536x1229.jpg 1536w, https:\/\/polku.es\/wp-content\/uploads\/2025\/09\/about-left-2048x1638.jpg 2048w, https:\/\/polku.es\/wp-content\/uploads\/2025\/09\/about-left-15x12.jpg 15w\" sizes=\"(max-width: 2560px) 100vw, 2560px\" \/>            <\/div>\r\n\r\n        \r\n\t\t\t\t<\/div>\n\t\t\t\t<\/div>\n\t\t\t\t<\/div>\n\t\t\t\t<\/div>\n\t\t<div class=\"elementor-element elementor-element-b812189 e-con-full e-flex e-con e-child\" data-id=\"b812189\" data-element_type=\"container\">\n\t\t<div class=\"elementor-element elementor-element-bc2f740 e-con-full e-flex e-con e-child\" data-id=\"bc2f740\" data-element_type=\"container\">\n\t\t\t\t<div class=\"elementor-element elementor-element-540b88a elementor-widget elementor-widget-ali-heading\" data-id=\"540b88a\" data-element_type=\"widget\" data-widget_type=\"ali-heading.default\">\n\t\t\t\t<div class=\"elementor-widget-container\">\n\t\t\t\t\t        <h5 class=\"title tg-element-title mb-0 text-anime-none\"> Polku-viikon paluu<\/h5>\r\n    \t\t\t\t<\/div>\n\t\t\t\t<\/div>\n\t\t\t\t<\/div>\n\t\t\t\t<div class=\"elementor-element elementor-element-cea8404 elementor-widget elementor-widget-ali-heading\" data-id=\"cea8404\" data-element_type=\"widget\" data-widget_type=\"ali-heading.default\">\n\t\t\t\t<div class=\"elementor-widget-container\">\n\t\t\t\t\t        <h2 class=\"title tg-element-title mb-0 text-anime-none\"> Tule jakamaan kanssamme uudistunut yritt\u00e4jyyden henki Joensuussa!<\/h2>\r\n    \t\t\t\t<\/div>\n\t\t\t\t<\/div>\n\t\t\t\t<div class=\"elementor-element elementor-element-cf8600a elementor-widget elementor-widget-ali-heading\" data-id=\"cf8600a\" data-element_type=\"widget\" data-widget_type=\"ali-heading.default\">\n\t\t\t\t<div class=\"elementor-widget-container\">\n\t\t\t\t\t        <p class=\"title tg-element-title mb-0 text-anime-none\"> Polku-viikko palaa t\u00e4n\u00e4 vuonna aktivoimaan uudelleen ja tukemaan entist\u00e4 vahvemmin tapahtumia ja aktiviteetteja, jotka voivat sytytt\u00e4\u00e4 loistavia ideoita ja vied\u00e4 ne niin pitk\u00e4lle kuin mahdollista. T\u00e4m\u00e4n vuoden ohjelma on r\u00e4\u00e4t\u00e4l\u00f6ity antamaan osallistujille lis\u00e4potkua ja kipin\u00e4\u00e4, jotta he voivat luoda jotain upeaa. Tule mukaan!<\/p>\r\n    \t\t\t\t<\/div>\n\t\t\t\t<\/div>\n\t\t<div class=\"elementor-element elementor-element-6337cb3 e-con-full e-flex e-con e-child\" data-id=\"6337cb3\" data-element_type=\"container\">\n\t\t<div class=\"elementor-element elementor-element-6ad8f16 e-con-full e-flex e-con e-child\" data-id=\"6ad8f16\" data-element_type=\"container\">\n\t\t\t\t<div class=\"elementor-element elementor-element-87db911 elementor-widget elementor-widget-ali-heading\" data-id=\"87db911\" data-element_type=\"widget\" data-widget_type=\"ali-heading.default\">\n\t\t\t\t<div class=\"elementor-widget-container\">\n\t\t\t\t\t        <h2 class=\"title tg-element-title mb-0 text-anime-none\"> 11<\/h2>\r\n    \t\t\t\t<\/div>\n\t\t\t\t<\/div>\n\t\t\t\t<div class=\"elementor-element elementor-element-7f31d92 elementor-widget elementor-widget-ali-heading\" data-id=\"7f31d92\" data-element_type=\"widget\" data-widget_type=\"ali-heading.default\">\n\t\t\t\t<div class=\"elementor-widget-container\">\n\t\t\t\t\t        <h6 class=\"title tg-element-title mb-0 text-anime-none\"> aktiviteettia<\/h6>\r\n    \t\t\t\t<\/div>\n\t\t\t\t<\/div>\n\t\t\t\t<\/div>\n\t\t<div class=\"elementor-element elementor-element-37c23b9 e-con-full elementor-hidden-mobile e-flex e-con e-child\" data-id=\"37c23b9\" data-element_type=\"container\" data-settings=\"{&quot;background_background&quot;:&quot;classic&quot;}\">\n\t\t\t\t<\/div>\n\t\t<div class=\"elementor-element elementor-element-49c7320 e-con-full e-flex e-con e-child\" data-id=\"49c7320\" data-element_type=\"container\">\n\t\t\t\t<div class=\"elementor-element elementor-element-024708f elementor-widget elementor-widget-ali-heading\" data-id=\"024708f\" data-element_type=\"widget\" data-widget_type=\"ali-heading.default\">\n\t\t\t\t<div class=\"elementor-widget-container\">\n\t\t\t\t\t        <h2 class=\"title tg-element-title mb-0 text-anime-none\"> 2<\/h2>\r\n    \t\t\t\t<\/div>\n\t\t\t\t<\/div>\n\t\t\t\t<div class=\"elementor-element elementor-element-4b44ba0 elementor-widget elementor-widget-ali-heading\" data-id=\"4b44ba0\" data-element_type=\"widget\" data-widget_type=\"ali-heading.default\">\n\t\t\t\t<div class=\"elementor-widget-container\">\n\t\t\t\t\t        <h6 class=\"title tg-element-title mb-0 text-anime-none\"> Ty\u00f6pajat<\/h6>\r\n    \t\t\t\t<\/div>\n\t\t\t\t<\/div>\n\t\t\t\t<\/div>\n\t\t<div class=\"elementor-element elementor-element-3923c0e e-con-full elementor-hidden-mobile e-flex e-con e-child\" data-id=\"3923c0e\" data-element_type=\"container\" data-settings=\"{&quot;background_background&quot;:&quot;classic&quot;}\">\n\t\t\t\t<\/div>\n\t\t<div class=\"elementor-element elementor-element-cebabf7 e-con-full e-flex e-con e-child\" data-id=\"cebabf7\" data-element_type=\"container\">\n\t\t\t\t<div class=\"elementor-element elementor-element-fe76201 elementor-widget elementor-widget-ali-heading\" data-id=\"fe76201\" data-element_type=\"widget\" data-widget_type=\"ali-heading.default\">\n\t\t\t\t<div class=\"elementor-widget-container\">\n\t\t\t\t\t        <h2 class=\"title tg-element-title mb-0 text-anime-none\"> 1<\/h2>\r\n    \t\t\t\t<\/div>\n\t\t\t\t<\/div>\n\t\t\t\t<div class=\"elementor-element elementor-element-b711d70 elementor-widget elementor-widget-ali-heading\" data-id=\"b711d70\" data-element_type=\"widget\" data-widget_type=\"ali-heading.default\">\n\t\t\t\t<div class=\"elementor-widget-container\">\n\t\t\t\t\t        <h6 class=\"title tg-element-title mb-0 text-anime-none\"> Ideakilpailu<\/h6>\r\n    \t\t\t\t<\/div>\n\t\t\t\t<\/div>\n\t\t\t\t<\/div>\n\t\t\t\t<\/div>\n\t\t\t\t<div class=\"elementor-element elementor-element-79c226a elementor-widget elementor-widget-tg-btn\" data-id=\"79c226a\" data-element_type=\"widget\" data-widget_type=\"tg-btn.default\">\n\t\t\t\t<div class=\"elementor-widget-container\">\n\t\t\t\t\t\r\n\r\n        \r\n                            <div class=\"btn-wrap d-flex\">\r\n                    <a href=\"https:\/\/polku.es\/fi\/contact-us\/\" target=\"_self\" rel=\"nofollow\" class=\"tg-btn vl-btn1\">\r\n                        Liity osallistujaksi                    <\/a>\r\n                <\/div>\r\n            \r\n        \r\n\t\t\t\t<\/div>\n\t\t\t\t<\/div>\n\t\t\t\t<\/div>\n\t\t\t\t\t<\/div>\n\t\t\t\t<\/div>\n\t\t<div class=\"elementor-element elementor-element-6025595 e-flex e-con-boxed e-con e-parent\" data-id=\"6025595\" data-element_type=\"container\">\n\t\t\t\t\t<div class=\"e-con-inner\">\n\t\t<div class=\"elementor-element elementor-element-fed1d1d e-con-full e-flex e-con e-child\" data-id=\"fed1d1d\" data-element_type=\"container\">\n\t\t<div class=\"elementor-element elementor-element-6515cbf e-con-full e-flex e-con e-child\" data-id=\"6515cbf\" data-element_type=\"container\">\n\t\t\t\t<div class=\"elementor-element elementor-element-1c2e070 elementor-widget elementor-widget-ali-heading\" data-id=\"1c2e070\" data-element_type=\"widget\" data-widget_type=\"ali-heading.default\">\n\t\t\t\t<div class=\"elementor-widget-container\">\n\t\t\t\t\t        <h5 class=\"title tg-element-title mb-0 text-anime-none\"> why choose us<\/h5>\r\n    \t\t\t\t<\/div>\n\t\t\t\t<\/div>\n\t\t\t\t<\/div>\n\t\t\t\t<div class=\"elementor-element elementor-element-110434d elementor-widget elementor-widget-ali-heading\" data-id=\"110434d\" data-element_type=\"widget\" data-widget_type=\"ali-heading.default\">\n\t\t\t\t<div class=\"elementor-widget-container\">\n\t\t\t\t\t        <h2 class=\"title tg-element-title mb-0 text-anime-none\"> Why Attend Event?<\/h2>\r\n    \t\t\t\t<\/div>\n\t\t\t\t<\/div>\n\t\t\t\t<\/div>\n\t\t<div class=\"elementor-element elementor-element-0ea6340 e-con-full e-grid e-con e-child\" data-id=\"0ea6340\" data-element_type=\"container\" id=\"choose-us\">\n\t\t\t\t<div class=\"elementor-element elementor-element-8a69109 elementor-widget elementor-widget-tg-iconbox\" data-id=\"8a69109\" data-element_type=\"widget\" data-widget_type=\"tg-iconbox.default\">\n\t\t\t\t<div class=\"elementor-widget-container\">\n\t\t\t\t\t\r\n        \r\n            <div class=\"choose-section-area\">\r\n                <div class=\"choose-widget-boxarea mb-0\">\r\n                                            <div class=\"icons\">\r\n                            <img decoding=\"async\" src=\"https:\/\/polku.es\/wp-content\/uploads\/2025\/03\/choose-icons1.svg\" alt=\"icon\">\r\n                        <\/div>\r\n                        <div class=\"space32\"><\/div>\r\n                                        <div class=\"content-area\">\r\n                        <a href=\"https:\/\/polku.es\/fi\/event\/\" class=\"card-title\">Toteuta ideasi<\/a>\r\n                        <div class=\"space16\"><\/div>\r\n                        <p class=\"m-0 card-desc\">Polku-viikko 2025 tuo mukanaan aktiviteetteja, jotka on suunniteltu inspiroimaan ja sytytt\u00e4m\u00e4\u00e4n seuraava suuri yritt\u00e4j\u00e4ideasi<\/p>\r\n                        <div class=\"space24\"><\/div>\r\n                                            <\/div>\r\n                <\/div>\r\n            <\/div>\r\n\r\n        \r\n\t\t\t\t<\/div>\n\t\t\t\t<\/div>\n\t\t\t\t<div class=\"elementor-element elementor-element-fd6d168 elementor-widget elementor-widget-tg-iconbox\" data-id=\"fd6d168\" data-element_type=\"widget\" data-widget_type=\"tg-iconbox.default\">\n\t\t\t\t<div class=\"elementor-widget-container\">\n\t\t\t\t\t\r\n        \r\n            <div class=\"choose-section-area\">\r\n                <div class=\"choose-widget-boxarea mb-0\">\r\n                                            <div class=\"icons\">\r\n                            <img decoding=\"async\" src=\"https:\/\/polku.es\/wp-content\/uploads\/2025\/03\/choose-icons1.svg\" alt=\"icon\">\r\n                        <\/div>\r\n                        <div class=\"space32\"><\/div>\r\n                                        <div class=\"content-area\">\r\n                        <a href=\"https:\/\/polku.es\/fi\/event\/\" class=\"card-title\">Huippupuhujat<\/a>\r\n                        <div class=\"space16\"><\/div>\r\n                        <p class=\"m-0 card-desc\">Kuule innostava joukko kokeneita puhujia, jotka tuovat illan t\u00e4yteen oivalluksia, energiaa ja inspiraatiota.<\/p>\r\n                        <div class=\"space24\"><\/div>\r\n                                            <\/div>\r\n                <\/div>\r\n            <\/div>\r\n\r\n        \r\n\t\t\t\t<\/div>\n\t\t\t\t<\/div>\n\t\t\t\t<div class=\"elementor-element elementor-element-4274da4 elementor-widget elementor-widget-tg-iconbox\" data-id=\"4274da4\" data-element_type=\"widget\" data-widget_type=\"tg-iconbox.default\">\n\t\t\t\t<div class=\"elementor-widget-container\">\n\t\t\t\t\t\r\n        \r\n            <div class=\"choose-section-area\">\r\n                <div class=\"choose-widget-boxarea mb-0\">\r\n                                            <div class=\"icons\">\r\n                            <img decoding=\"async\" src=\"https:\/\/polku.es\/wp-content\/uploads\/2025\/03\/choose-icons1.svg\" alt=\"icon\">\r\n                        <\/div>\r\n                        <div class=\"space32\"><\/div>\r\n                                        <div class=\"content-area\">\r\n                        <a href=\"https:\/\/polku.es\/fi\/event\/\" class=\"card-title\">Vapaa p\u00e4\u00e4sy<\/a>\r\n                        <div class=\"space16\"><\/div>\r\n                        <p class=\"m-0 card-desc\">Liity ilmaiseksi mukaan tapahtumaan, jossa on verkostoitumista, tarjoiluja, ideakilpailuja ja suuria mahdollisuuksia.<\/p>\r\n                        <div class=\"space24\"><\/div>\r\n                                            <\/div>\r\n                <\/div>\r\n            <\/div>\r\n\r\n        \r\n\t\t\t\t<\/div>\n\t\t\t\t<\/div>\n\t\t\t\t<div class=\"elementor-element elementor-element-43cf8e2 elementor-widget elementor-widget-tg-iconbox\" data-id=\"43cf8e2\" data-element_type=\"widget\" data-widget_type=\"tg-iconbox.default\">\n\t\t\t\t<div class=\"elementor-widget-container\">\n\t\t\t\t\t\r\n        \r\n            <div class=\"choose-section-area\">\r\n                <div class=\"choose-widget-boxarea mb-0\">\r\n                                            <div class=\"icons\">\r\n                            <img decoding=\"async\" src=\"https:\/\/polku.es\/wp-content\/uploads\/2025\/03\/choose-icons1.svg\" alt=\"icon\">\r\n                        <\/div>\r\n                        <div class=\"space32\"><\/div>\r\n                                        <div class=\"content-area\">\r\n                        <a href=\"https:\/\/polku.es\/fi\/event\/\" class=\"card-title\">Kehit\u00e4 taitojasi<\/a>\r\n                        <div class=\"space16\"><\/div>\r\n                        <p class=\"m-0 card-desc\">Hanki k\u00e4yt\u00e4nn\u00f6n startup-taitoja ty\u00f6pajojemme ja verkostoitumismahdollisuuksiemme kautta.<\/p>\r\n                        <div class=\"space24\"><\/div>\r\n                                            <\/div>\r\n                <\/div>\r\n            <\/div>\r\n\r\n        \r\n\t\t\t\t<\/div>\n\t\t\t\t<\/div>\n\t\t\t\t<div class=\"elementor-element elementor-element-7a611a9 elementor-widget elementor-widget-tg-iconbox\" data-id=\"7a611a9\" data-element_type=\"widget\" data-widget_type=\"tg-iconbox.default\">\n\t\t\t\t<div class=\"elementor-widget-container\">\n\t\t\t\t\t\r\n        \r\n            <div class=\"choose-section-area\">\r\n                <div class=\"choose-widget-boxarea mb-0\">\r\n                                            <div class=\"icons\">\r\n                            <img decoding=\"async\" src=\"https:\/\/polku.es\/wp-content\/uploads\/2025\/03\/choose-icons1.svg\" alt=\"icon\">\r\n                        <\/div>\r\n                        <div class=\"space32\"><\/div>\r\n                                        <div class=\"content-area\">\r\n                        <a href=\"https:\/\/polku.es\/fi\/event\/\" class=\"card-title\">Ideakilpailu<\/a>\r\n                        <div class=\"space16\"><\/div>\r\n                        <p class=\"m-0 card-desc\">Silly Idea -kilpailu sytytt\u00e4\u00e4 luovuuden tarjoamalla hullunkurisia ratkaisuja arjen ongelmiin samanhenkisten ihmisten kanssa.<\/p>\r\n                        <div class=\"space24\"><\/div>\r\n                                            <\/div>\r\n                <\/div>\r\n            <\/div>\r\n\r\n        \r\n\t\t\t\t<\/div>\n\t\t\t\t<\/div>\n\t\t\t\t<div class=\"elementor-element elementor-element-a958a18 elementor-widget elementor-widget-tg-iconbox\" data-id=\"a958a18\" data-element_type=\"widget\" data-widget_type=\"tg-iconbox.default\">\n\t\t\t\t<div class=\"elementor-widget-container\">\n\t\t\t\t\t\r\n        \r\n            <div class=\"choose-section-area\">\r\n                <div class=\"choose-widget-boxarea mb-0\">\r\n                                            <div class=\"icons\">\r\n                            <img decoding=\"async\" src=\"https:\/\/polku.es\/wp-content\/uploads\/2025\/03\/choose-icons1.svg\" alt=\"icon\">\r\n                        <\/div>\r\n                        <div class=\"space32\"><\/div>\r\n                                        <div class=\"content-area\">\r\n                        <a href=\"https:\/\/polku.es\/fi\/event\/\" class=\"card-title\">Ty\u00f6pajat<\/a>\r\n                        <div class=\"space16\"><\/div>\r\n                        <p class=\"m-0 card-desc\">Ty\u00f6pajat eteenp\u00e4in katsoville osallistujille, tarjoten oivalluksia ja ty\u00f6kaluja uusien k\u00e4sitteiden omaksumiseen.<\/p>\r\n                        <div class=\"space24\"><\/div>\r\n                                            <\/div>\r\n                <\/div>\r\n            <\/div>\r\n\r\n        \r\n\t\t\t\t<\/div>\n\t\t\t\t<\/div>\n\t\t\t\t<\/div>\n\t\t\t\t\t<\/div>\n\t\t\t\t<\/div>\n\t\t\t\t<\/div>","protected":false},"excerpt":{"rendered":"<p>Claim your spot The Return of the Polku Week Come share with us the renovated entrepreneurial spirit in Joensuu! Polku Week returns this year to reactivate and further support events [&hellip;]<\/p>","protected":false},"author":1,"featured_media":0,"parent":0,"menu_order":0,"comment_status":"closed","ping_status":"closed","template":"elementor_header_footer","meta":{"_acf_changed":false,"_monsterinsights_skip_tracking":false,"_monsterinsights_sitenote_active":false,"_monsterinsights_sitenote_note":"","_monsterinsights_sitenote_category":0,"_price":"","_stock":"","_tribe_ticket_header":"","_tribe_default_ticket_provider":"TEC\\Tickets\\Commerce\\Module","_tribe_ticket_capacity":"0","_ticket_start_date":"","_ticket_end_date":"","_tribe_ticket_show_description":"","_tribe_ticket_show_not_going":false,"_tribe_ticket_use_global_stock":"","_tribe_ticket_global_stock_level":"","_global_stock_mode":"","_global_stock_cap":"","_tribe_rsvp_for_event":"","_tribe_ticket_going_count":"","_tribe_ticket_not_going_count":"","_tribe_tickets_list":"[]","_tribe_ticket_has_attendee_info_fields":false,"footnotes":"","_tec_slr_enabled":"","_tec_slr_layout":""},"class_list":["post-1825","page","type-page","status-publish","hentry"],"acf":[],"aioseo_notices":[],"ticketed":false,"_links":{"self":[{"href":"https:\/\/polku.es\/fi\/wp-json\/wp\/v2\/pages\/1825","targetHints":{"allow":["GET"]}}],"collection":[{"href":"https:\/\/polku.es\/fi\/wp-json\/wp\/v2\/pages"}],"about":[{"href":"https:\/\/polku.es\/fi\/wp-json\/wp\/v2\/types\/page"}],"author":[{"embeddable":true,"href":"https:\/\/polku.es\/fi\/wp-json\/wp\/v2\/users\/1"}],"replies":[{"embeddable":true,"href":"https:\/\/polku.es\/fi\/wp-json\/wp\/v2\/comments?post=1825"}],"version-history":[{"count":0,"href":"https:\/\/polku.es\/fi\/wp-json\/wp\/v2\/pages\/1825\/revisions"}],"wp:attachment":[{"href":"https:\/\/polku.es\/fi\/wp-json\/wp\/v2\/media?parent=1825"}],"curies":[{"name":"wp","href":"https:\/\/api.w.org\/{rel}","templated":true}]}}